{"id":4128,"date":"2026-04-18T21:47:44","date_gmt":"2026-04-18T19:47:44","guid":{"rendered":"https:\/\/www.mc-boeheimkirchen.at\/?page_id=4128"},"modified":"2026-04-18T21:47:44","modified_gmt":"2026-04-18T19:47:44","slug":"rc-buggy-bahn","status":"publish","type":"page","link":"https:\/\/www.mc-boeheimkirchen.at\/?page_id=4128","title":{"rendered":"RC Buggy Bahn"},"content":{"rendered":"\n<figure class=\"wp-block-image size-large\"><img loading=\"lazy\" decoding=\"async\" width=\"1024\" height=\"576\" src=\"https:\/\/www.mc-boeheimkirchen.at\/wp-content\/uploads\/2026\/04\/dji_fly_20260418_180924_0300_1776535742199_photo-1024x576.jpg\" alt=\"\" class=\"wp-image-4121\" srcset=\"https:\/\/www.mc-boeheimkirchen.at\/wp-content\/uploads\/2026\/04\/dji_fly_20260418_180924_0300_1776535742199_photo-1024x576.jpg 1024w, https:\/\/www.mc-boeheimkirchen.at\/wp-content\/uploads\/2026\/04\/dji_fly_20260418_180924_0300_1776535742199_photo-300x169.jpg 300w, https:\/\/www.mc-boeheimkirchen.at\/wp-content\/uploads\/2026\/04\/dji_fly_20260418_180924_0300_1776535742199_photo-150x84.jpg 150w, https:\/\/www.mc-boeheimkirchen.at\/wp-content\/uploads\/2026\/04\/dji_fly_20260418_180924_0300_1776535742199_photo-768x432.jpg 768w, https:\/\/www.mc-boeheimkirchen.at\/wp-content\/uploads\/2026\/04\/dji_fly_20260418_180924_0300_1776535742199_photo-1536x864.jpg 1536w, https:\/\/www.mc-boeheimkirchen.at\/wp-content\/uploads\/2026\/04\/dji_fly_20260418_180924_0300_1776535742199_photo-2048x1152.jpg 2048w, https:\/\/www.mc-boeheimkirchen.at\/wp-content\/uploads\/2026\/04\/dji_fly_20260418_180924_0300_1776535742199_photo-1005x565.jpg 1005w\" sizes=\"auto, (max-width: 1024px) 100vw, 1024px\" \/><\/figure>\n\n\n\n<p><\/p>\n\n\n\n<p>Seit 2026 gibt es eine eigene Buggybahn f\u00fcr Offroad Autorennen. Neben einer langen Speed-Section gibt es auch Double- und Triple Jumps. Ausserdem gibt es die Option f\u00fcr besondere Rennen einen Teil der Strecke zur Graspiste hin zu \u00f6ffnen.<\/p>\n\n\n\n<figure class=\"wp-block-image size-large\"><img loading=\"lazy\" decoding=\"async\" width=\"1024\" height=\"576\" src=\"https:\/\/www.mc-boeheimkirchen.at\/wp-content\/uploads\/2026\/04\/dji_fly_20260418_181028_0302_1776535751129_photo-1024x576.jpg\" alt=\"\" class=\"wp-image-4122\" srcset=\"https:\/\/www.mc-boeheimkirchen.at\/wp-content\/uploads\/2026\/04\/dji_fly_20260418_181028_0302_1776535751129_photo-1024x576.jpg 1024w, https:\/\/www.mc-boeheimkirchen.at\/wp-content\/uploads\/2026\/04\/dji_fly_20260418_181028_0302_1776535751129_photo-300x169.jpg 300w, https:\/\/www.mc-boeheimkirchen.at\/wp-content\/uploads\/2026\/04\/dji_fly_20260418_181028_0302_1776535751129_photo-150x84.jpg 150w, https:\/\/www.mc-boeheimkirchen.at\/wp-content\/uploads\/2026\/04\/dji_fly_20260418_181028_0302_1776535751129_photo-768x432.jpg 768w, https:\/\/www.mc-boeheimkirchen.at\/wp-content\/uploads\/2026\/04\/dji_fly_20260418_181028_0302_1776535751129_photo-1536x864.jpg 1536w, https:\/\/www.mc-boeheimkirchen.at\/wp-content\/uploads\/2026\/04\/dji_fly_20260418_181028_0302_1776535751129_photo-2048x1152.jpg 2048w, https:\/\/www.mc-boeheimkirchen.at\/wp-content\/uploads\/2026\/04\/dji_fly_20260418_181028_0302_1776535751129_photo-1005x565.jpg 1005w\" sizes=\"auto, (max-width: 1024px) 100vw, 1024px\" \/><\/figure>\n\n\n\n<p><\/p>\n\n\n\n<p>Ein eigener Pilotenstand darf nat\u00fcrlich auch nicht fehlen. Ein gro\u00dfer Parkplatz sowie Strom, WC und Verpflegung stehen zur Verf\u00fcgung.<\/p>\n\n\n\n<p><\/p>\n","protected":false},"excerpt":{"rendered":"<p>Seit 2026 gibt es eine eigene Buggybahn f\u00fcr Offroad Autorennen. Neben einer langen Speed-Section gibt es auch Double- und Triple Jumps. Ausserdem gibt es die Option f\u00fcr besondere Rennen einen Teil der Strecke zur Graspiste hin zu \u00f6ffnen. Ein eigener Pilotenstand darf nat\u00fcrlich auch nicht fehlen. Ein gro\u00dfer Parkplatz sowie Strom, WC und Verpflegung stehen &hellip; <\/p>\n<p><a class=\"more-link btn\" href=\"https:\/\/www.mc-boeheimkirchen.at\/?page_id=4128\">Weiterlesen<\/a><\/p>\n","protected":false},"author":1,"featured_media":0,"parent":0,"menu_order":0,"comment_status":"closed","ping_status":"closed","template":"","meta":{"ngg_post_thumbnail":0,"footnotes":""},"class_list":["post-4128","page","type-page","status-publish","hentry","nodate","item-wrap"],"_links":{"self":[{"href":"https:\/\/www.mc-boeheimkirchen.at\/index.php?rest_route=\/wp\/v2\/pages\/4128","targetHints":{"allow":["GET"]}}],"collection":[{"href":"https:\/\/www.mc-boeheimkirchen.at\/index.php?rest_route=\/wp\/v2\/pages"}],"about":[{"href":"https:\/\/www.mc-boeheimkirchen.at\/index.php?rest_route=\/wp\/v2\/types\/page"}],"author":[{"embeddable":true,"href":"https:\/\/www.mc-boeheimkirchen.at\/index.php?rest_route=\/wp\/v2\/users\/1"}],"replies":[{"embeddable":true,"href":"https:\/\/www.mc-boeheimkirchen.at\/index.php?rest_route=%2Fwp%2Fv2%2Fcomments&post=4128"}],"version-history":[{"count":1,"href":"https:\/\/www.mc-boeheimkirchen.at\/index.php?rest_route=\/wp\/v2\/pages\/4128\/revisions"}],"predecessor-version":[{"id":4129,"href":"https:\/\/www.mc-boeheimkirchen.at\/index.php?rest_route=\/wp\/v2\/pages\/4128\/revisions\/4129"}],"wp:attachment":[{"href":"https:\/\/www.mc-boeheimkirchen.at\/index.php?rest_route=%2Fwp%2Fv2%2Fmedia&parent=4128"}],"curies":[{"name":"wp","href":"https:\/\/api.w.org\/{rel}","templated":true}]}}